{"id":60,"date":"2024-09-05T22:41:24","date_gmt":"2024-09-05T20:41:24","guid":{"rendered":"http:\/\/canarianblog.com\/?page_id=60"},"modified":"2024-11-07T13:09:35","modified_gmt":"2024-11-07T12:09:35","slug":"home","status":"publish","type":"page","link":"http:\/\/canarianblog.com:80\/","title":{"rendered":"F\u0151oldal"},"content":{"rendered":"\t\t<div data-elementor-type=\"wp-page\" data-elementor-id=\"60\" class=\"elementor elementor-60\" data-elementor-post-type=\"page\">\n\t\t\t\t<div class=\"elementor-element elementor-element-eecc62c e-flex e-con-boxed e-con e-parent\" data-id=\"eecc62c\" data-element_type=\"container\" data-e-type=\"container\">\n\t\t\t\t\t<div class=\"e-con-inner\">\n\t\t<div class=\"elementor-element elementor-element-cb76911 e-con-full e-flex e-con e-child\" data-id=\"cb76911\" data-element_type=\"container\" data-e-type=\"container\">\n\t\t\t\t<div class=\"elementor-element elementor-element-f840811 elementor-widget elementor-widget-image\" data-id=\"f840811\" data-element_type=\"widget\" data-e-type=\"widget\" data-widget_type=\"image.default\">\n\t\t\t\t<div class=\"elementor-widget-container\">\n\t\t\t\t\t\t\t\t\t\t\t\t<figure class=\"wp-caption\">\n\t\t\t\t\t\t\t\t\t\t<img fetchpriority=\"high\" decoding=\"async\" width=\"800\" height=\"463\" src=\"http:\/\/canarianblog.com:80\/wp-content\/uploads\/2024\/09\/69f4d8a0-5f51-4012-8e18-d56f0f1a17d2-1024x593.jpg\" class=\"attachment-large size-large wp-image-75\" alt=\"\" srcset=\"http:\/\/canarianblog.com:80\/wp-content\/uploads\/2024\/09\/69f4d8a0-5f51-4012-8e18-d56f0f1a17d2-1024x593.jpg 1024w, http:\/\/canarianblog.com:80\/wp-content\/uploads\/2024\/09\/69f4d8a0-5f51-4012-8e18-d56f0f1a17d2-300x174.jpg 300w, http:\/\/canarianblog.com:80\/wp-content\/uploads\/2024\/09\/69f4d8a0-5f51-4012-8e18-d56f0f1a17d2-768x445.jpg 768w, http:\/\/canarianblog.com:80\/wp-content\/uploads\/2024\/09\/69f4d8a0-5f51-4012-8e18-d56f0f1a17d2.jpg 1419w\" sizes=\"(max-width: 800px) 100vw, 800px\" \/>\t\t\t\t\t\t\t\t\t\t\t<figcaption class=\"widget-image-caption wp-caption-text\">\u00dcDV AZ OLDALAMON!<\/figcaption>\n\t\t\t\t\t\t\t\t\t\t<\/figure>\n\t\t\t\t\t\t\t\t\t<\/div>\n\t\t\t\t<\/div>\n\t\t\t\t<\/div>\n\t\t\t\t\t<\/div>\n\t\t\t\t<\/div>\n\t\t<div class=\"elementor-element elementor-element-7682d55 e-flex e-con-boxed e-con e-parent\" data-id=\"7682d55\" data-element_type=\"container\" data-e-type=\"container\" data-settings=\"{&quot;background_background&quot;:&quot;classic&quot;}\">\n\t\t\t\t\t<div class=\"e-con-inner\">\n\t\t\t\t<div class=\"elementor-element elementor-element-670e029 elementor-widget elementor-widget-text-editor\" data-id=\"670e029\" data-element_type=\"widget\" data-e-type=\"widget\" id=\"rolam\" data-widget_type=\"text-editor.default\">\n\t\t\t\t<div class=\"elementor-widget-container\">\n\t\t\t\t\t\t\t\t\t<p style=\"text-align: center;\"><strong>R\u00d3LAM<\/strong><\/p><p>Szia! Judit vagyok, 40+ n\u0151, k\u00e9tgyermekes anyuka, feles\u00e9g, h\u00e1ziasszony (n\u00e9ha h\u00e1zis\u00e1rk\u00e1ny) \u00e9s angoltan\u00e1r. Szenved\u00e9lyem az olvas\u00e1s \u00e9s az utaz\u00e1s, a leg\u00fajabb pedig a saj\u00e1t weboldalam megalkot\u00e1sa \u00e9s a blog\u00edr\u00e1s. Nagyon szeretek \u00faj orsz\u00e1gokat, t\u00e1jakat felfedezni, megfigyelni hogy \u00e9lnek az emberek m\u00e1shol. Sz\u00fcl\u0151k\u00e9nt \u00e9s pedag\u00f3gusk\u00e9nt pedig k\u00fcl\u00f6n\u00f6sen \u00e9rdekel a k\u00fcl\u00f6nb\u00f6z\u0151 oktat\u00e1si rendszerek m\u0171k\u00f6d\u00e9se. Ennek az oldalnak az \u00f6tlete akkor mer\u00fclt fel bennem, amikor \u00fagy d\u00f6nt\u00f6tt\u00fcnk, hogy egy id\u0151re k\u00fclf\u00f6ldre k\u00f6lt\u00f6z\u00fcnk. V\u00e9g\u00fcl a vil\u00e1g egyik legszebb hely\u00e9n, a Kan\u00e1ri-szigeteken k\u00f6t\u00f6tt\u00fcnk ki. A blogbejegyz\u00e9seimben nemcsak az itteni \u00e9letr\u0151l, az itt \u00e9l\u0151 emberekr\u0151l olvashatsz majd, hanem arr\u00f3l a bels\u0151 utaz\u00e1sr\u00f3l is, amit \u00e1t\u00e9ltem \u00e9s \u00e1t\u00e9lek a mindennapokban.\u00a0<\/p><p style=\"text-align: center;\">Ha van kedved, gyere \u00e9s tarts velem!<\/p>\t\t\t\t\t\t\t\t<\/div>\n\t\t\t\t<\/div>\n\t\t\t\t\t<\/div>\n\t\t\t\t<\/div>\n\t\t\t\t<\/div>\n\t\t","protected":false},"excerpt":{"rendered":"<p>\u00dcDV AZ OLDALAMON! R\u00d3LAM Szia! Judit vagyok, 40+ n\u0151, k\u00e9tgyermekes anyuka, feles\u00e9g, h\u00e1ziasszony (n\u00e9ha h\u00e1zis\u00e1rk\u00e1ny) \u00e9s angoltan\u00e1r. Szenved\u00e9lyem az olvas\u00e1s \u00e9s az utaz\u00e1s, a leg\u00fajabb pedig a saj\u00e1t weboldalam megalkot\u00e1sa \u00e9s a blog\u00edr\u00e1s. Nagyon szeretek \u00faj orsz\u00e1gokat, t\u00e1jakat felfedezni, megfigyelni hogy \u00e9lnek az emberek m\u00e1shol. Sz\u00fcl\u0151k\u00e9nt \u00e9s pedag\u00f3gusk\u00e9nt pedig k\u00fcl\u00f6n\u00f6sen \u00e9rdekel a k\u00fcl\u00f6nb\u00f6z\u0151 oktat\u00e1si rendszerek [&hellip;]<\/p>\n","protected":false},"author":2,"featured_media":63,"parent":0,"menu_order":0,"comment_status":"closed","ping_status":"closed","template":"elementor_header_footer","meta":{"om_disable_all_campaigns":false,"_monsterinsights_skip_tracking":false,"_monsterinsights_sitenote_active":false,"_monsterinsights_sitenote_note":"","_monsterinsights_sitenote_category":0,"_uf_show_specific_survey":0,"_uf_disable_surveys":false,"footnotes":""},"class_list":["post-60","page","type-page","status-publish","has-post-thumbnail","hentry"],"aioseo_notices":[],"_links":{"self":[{"href":"http:\/\/canarianblog.com:80\/index.php?rest_route=\/wp\/v2\/pages\/60","targetHints":{"allow":["GET"]}}],"collection":[{"href":"http:\/\/canarianblog.com:80\/index.php?rest_route=\/wp\/v2\/pages"}],"about":[{"href":"http:\/\/canarianblog.com:80\/index.php?rest_route=\/wp\/v2\/types\/page"}],"author":[{"embeddable":true,"href":"http:\/\/canarianblog.com:80\/index.php?rest_route=\/wp\/v2\/users\/2"}],"replies":[{"embeddable":true,"href":"http:\/\/canarianblog.com:80\/index.php?rest_route=%2Fwp%2Fv2%2Fcomments&post=60"}],"version-history":[{"count":173,"href":"http:\/\/canarianblog.com:80\/index.php?rest_route=\/wp\/v2\/pages\/60\/revisions"}],"predecessor-version":[{"id":757,"href":"http:\/\/canarianblog.com:80\/index.php?rest_route=\/wp\/v2\/pages\/60\/revisions\/757"}],"wp:featuredmedia":[{"embeddable":true,"href":"http:\/\/canarianblog.com:80\/index.php?rest_route=\/wp\/v2\/media\/63"}],"wp:attachment":[{"href":"http:\/\/canarianblog.com:80\/index.php?rest_route=%2Fwp%2Fv2%2Fmedia&parent=60"}],"curies":[{"name":"wp","href":"https:\/\/api.w.org\/{rel}","templated":true}]}}