{"id":849,"date":"2024-12-09T23:00:21","date_gmt":"2024-12-09T22:00:21","guid":{"rendered":"http:\/\/canarianblog.com:80\/?page_id=849"},"modified":"2024-12-10T00:09:23","modified_gmt":"2024-12-09T23:09:23","slug":"blog","status":"publish","type":"page","link":"http:\/\/canarianblog.com:80\/?page_id=849","title":{"rendered":"Blog"},"content":{"rendered":"\t\t<div data-elementor-type=\"wp-page\" data-elementor-id=\"849\" class=\"elementor elementor-849\" data-elementor-post-type=\"page\">\n\t\t\t\t<div class=\"elementor-element elementor-element-e1da712 e-flex e-con-boxed e-con e-parent\" data-id=\"e1da712\" data-element_type=\"container\" data-e-type=\"container\">\n\t\t\t\t\t<div class=\"e-con-inner\">\n\t\t\t\t<div class=\"elementor-element elementor-element-a8e229f elementor-grid-1 elementor-posts--thumbnail-none elementor-grid-tablet-2 elementor-grid-mobile-1 elementor-widget elementor-widget-posts\" data-id=\"a8e229f\" data-element_type=\"widget\" data-e-type=\"widget\" data-settings=\"{&quot;classic_columns&quot;:&quot;1&quot;,&quot;classic_columns_tablet&quot;:&quot;2&quot;,&quot;classic_columns_mobile&quot;:&quot;1&quot;,&quot;classic_row_gap&quot;:{&quot;unit&quot;:&quot;px&quot;,&quot;size&quot;:35,&quot;sizes&quot;:[]},&quot;classic_row_gap_tablet&quot;:{&quot;unit&quot;:&quot;px&quot;,&quot;size&quot;:&quot;&quot;,&quot;sizes&quot;:[]},&quot;classic_row_gap_mobile&quot;:{&quot;unit&quot;:&quot;px&quot;,&quot;size&quot;:&quot;&quot;,&quot;sizes&quot;:[]}}\" data-widget_type=\"posts.classic\">\n\t\t\t\t<div class=\"elementor-widget-container\">\n\t\t\t\t\t\t\t<div class=\"elementor-posts-container elementor-posts elementor-posts--skin-classic elementor-grid\">\n\t\t\t\t<article class=\"elementor-post elementor-grid-item post-1070 post type-post status-publish format-standard hentry category-egyeb\">\n\t\t\t\t<div class=\"elementor-post__text\">\n\t\t\t\t<h3 class=\"elementor-post__title\">\n\t\t\t<a href=\"http:\/\/canarianblog.com:80\/?p=1070\" >\n\t\t\t\t\u00c9let a szigeten &#8211; Az utols\u00f3 poszt\t\t\t<\/a>\n\t\t<\/h3>\n\t\t\t\t<div class=\"elementor-post__meta-data\">\n\t\t\t\t\t<span class=\"elementor-post-author\">\n\t\t\tJudit\t\t<\/span>\n\t\t\t\t<span class=\"elementor-post-date\">\n\t\t\t2025.08.29.\t\t<\/span>\n\t\t\t\t<\/div>\n\t\t\t\t<div class=\"elementor-post__excerpt\">\n\t\t\t<p>\u00c9LET A SZIGETEN AZ UTOLS\u00d3 POSZT H\u00f3napokig halasztgattam ezt az \u00edr\u00e1st, de most er\u0151t vettem magamon, mert tartozom m\u00e9g egy utols\u00f3 bejegyz\u00e9ssel nektek \u00e9s magamnak<\/p>\n\t\t<\/div>\n\t\t\n\t\t<a class=\"elementor-post__read-more\" href=\"http:\/\/canarianblog.com:80\/?p=1070\" aria-label=\"Read more about \u00c9let a szigeten &#8211; Az utols\u00f3 poszt\" tabindex=\"-1\" >\n\t\t\tTov\u00e1bb olvasom \u00bb\t\t<\/a>\n\n\t\t\t\t<\/div>\n\t\t\t\t<\/article>\n\t\t\t\t<article class=\"elementor-post elementor-grid-item post-1032 post type-post status-publish format-standard hentry category-egyeb\">\n\t\t\t\t<div class=\"elementor-post__text\">\n\t\t\t\t<h3 class=\"elementor-post__title\">\n\t\t\t<a href=\"http:\/\/canarianblog.com:80\/?p=1032\" >\n\t\t\t\tLuca sulija\t\t\t<\/a>\n\t\t<\/h3>\n\t\t\t\t<div class=\"elementor-post__meta-data\">\n\t\t\t\t\t<span class=\"elementor-post-author\">\n\t\t\tJudit\t\t<\/span>\n\t\t\t\t<span class=\"elementor-post-date\">\n\t\t\t2025.03.29.\t\t<\/span>\n\t\t\t\t<\/div>\n\t\t\t\t<div class=\"elementor-post__excerpt\">\n\t\t\t<p>Luca sulija Luca egy nemzetk\u00f6zi iskol\u00e1ba j\u00e1r, ami a brit tantervet k\u00f6veti. A brit oktat\u00e1si rendszer az egyik legmagasabb akad\u00e9miai szintet k\u00e9pviseli a vil\u00e1gon, ez\u00e9rt<\/p>\n\t\t<\/div>\n\t\t\n\t\t<a class=\"elementor-post__read-more\" href=\"http:\/\/canarianblog.com:80\/?p=1032\" aria-label=\"Read more about Luca sulija\" tabindex=\"-1\" >\n\t\t\tTov\u00e1bb olvasom \u00bb\t\t<\/a>\n\n\t\t\t\t<\/div>\n\t\t\t\t<\/article>\n\t\t\t\t<article class=\"elementor-post elementor-grid-item post-979 post type-post status-publish format-standard hentry category-egyeb\">\n\t\t\t\t<div class=\"elementor-post__text\">\n\t\t\t\t<h3 class=\"elementor-post__title\">\n\t\t\t<a href=\"http:\/\/canarianblog.com:80\/?p=979\" >\n\t\t\t\tLili sulija\t\t\t<\/a>\n\t\t<\/h3>\n\t\t\t\t<div class=\"elementor-post__meta-data\">\n\t\t\t\t\t<span class=\"elementor-post-author\">\n\t\t\tJudit\t\t<\/span>\n\t\t\t\t<span class=\"elementor-post-date\">\n\t\t\t2025.02.22.\t\t<\/span>\n\t\t\t\t<\/div>\n\t\t\t\t<div class=\"elementor-post__excerpt\">\n\t\t\t<p>Lili sulija Ez a t\u00e9ma egy kis felvezet\u00e9st ig\u00e9nyel, miel\u0151tt a konkr\u00e9t sulir\u00f3l \u00edrok. A spanyol oktat\u00e1si rendszerben 6-16 \u00e9ves korig k\u00f6telez\u0151 az iskola. Az<\/p>\n\t\t<\/div>\n\t\t\n\t\t<a class=\"elementor-post__read-more\" href=\"http:\/\/canarianblog.com:80\/?p=979\" aria-label=\"Read more about Lili sulija\" tabindex=\"-1\" >\n\t\t\tTov\u00e1bb olvasom \u00bb\t\t<\/a>\n\n\t\t\t\t<\/div>\n\t\t\t\t<\/article>\n\t\t\t\t<article class=\"elementor-post elementor-grid-item post-982 post type-post status-publish format-standard hentry category-egyeb\">\n\t\t\t\t<div class=\"elementor-post__text\">\n\t\t\t\t<h3 class=\"elementor-post__title\">\n\t\t\t<a href=\"http:\/\/canarianblog.com:80\/?p=982\" >\n\t\t\t\tA nyelviskola\t\t\t<\/a>\n\t\t<\/h3>\n\t\t\t\t<div class=\"elementor-post__meta-data\">\n\t\t\t\t\t<span class=\"elementor-post-author\">\n\t\t\tJudit\t\t<\/span>\n\t\t\t\t<span class=\"elementor-post-date\">\n\t\t\t2025.01.19.\t\t<\/span>\n\t\t\t\t<\/div>\n\t\t\t\t<div class=\"elementor-post__excerpt\">\n\t\t\t<p>A nyelviskola Vissza\u00fclni az iskolapadba k\u00f6zel \u00f6tven \u00e9vesen felszabad\u00edt\u00f3 \u00e9rz\u00e9s, id\u0151utaz\u00e1s, agytr\u00e9ning. Heti k\u00e9tszer j\u00e1rok d\u00e9lel\u0151tt\u00f6nk\u00e9nt, szeptember \u00f3ta. Lehetett v\u00e1lasztani norm\u00e1l (2&#215;2 \u00f3ra) vagy intenz\u00edv<\/p>\n\t\t<\/div>\n\t\t\n\t\t<a class=\"elementor-post__read-more\" href=\"http:\/\/canarianblog.com:80\/?p=982\" aria-label=\"Read more about A nyelviskola\" tabindex=\"-1\" >\n\t\t\tTov\u00e1bb olvasom \u00bb\t\t<\/a>\n\n\t\t\t\t<\/div>\n\t\t\t\t<\/article>\n\t\t\t\t<article class=\"elementor-post elementor-grid-item post-943 post type-post status-publish format-standard hentry category-egyeb\">\n\t\t\t\t<div class=\"elementor-post__text\">\n\t\t\t\t<h3 class=\"elementor-post__title\">\n\t\t\t<a href=\"http:\/\/canarianblog.com:80\/?p=943\" >\n\t\t\t\tFeliz Navidad\t\t\t<\/a>\n\t\t<\/h3>\n\t\t\t\t<div class=\"elementor-post__meta-data\">\n\t\t\t\t\t<span class=\"elementor-post-author\">\n\t\t\tJudit\t\t<\/span>\n\t\t\t\t<span class=\"elementor-post-date\">\n\t\t\t2024.12.22.\t\t<\/span>\n\t\t\t\t<\/div>\n\t\t\t\t<div class=\"elementor-post__excerpt\">\n\t\t\t<p>Feliz Navidad &#8211; kar\u00e1csonyi poszt \u00cdg\u00e9rtem, hogy \u00edrok az iskol\u00e1kr\u00f3l, de ezt az \u00e9rdekes t\u00e9m\u00e1t janu\u00e1rra halasztom, mert itt a kar\u00e1csony. Ilyenkor ki gondol m\u00e1r<\/p>\n\t\t<\/div>\n\t\t\n\t\t<a class=\"elementor-post__read-more\" href=\"http:\/\/canarianblog.com:80\/?p=943\" aria-label=\"Read more about Feliz Navidad\" tabindex=\"-1\" >\n\t\t\tTov\u00e1bb olvasom \u00bb\t\t<\/a>\n\n\t\t\t\t<\/div>\n\t\t\t\t<\/article>\n\t\t\t\t<article class=\"elementor-post elementor-grid-item post-814 post type-post status-publish format-standard hentry category-kezdetek\">\n\t\t\t\t<div class=\"elementor-post__text\">\n\t\t\t\t<h3 class=\"elementor-post__title\">\n\t\t\t<a href=\"http:\/\/canarianblog.com:80\/?p=814\" >\n\t\t\t\tA vil\u00e1g legkellemesebb kl\u00edm\u00e1j\u00fa v\u00e1rosa\t\t\t<\/a>\n\t\t<\/h3>\n\t\t\t\t<div class=\"elementor-post__meta-data\">\n\t\t\t\t\t<span class=\"elementor-post-author\">\n\t\t\tJudit\t\t<\/span>\n\t\t\t\t<span class=\"elementor-post-date\">\n\t\t\t2024.12.08.\t\t<\/span>\n\t\t\t\t<\/div>\n\t\t\t\t<div class=\"elementor-post__excerpt\">\n\t\t\t<p>A vil\u00e1g legkellemesebb kl\u00edm\u00e1j\u00fa v\u00e1rosa Ezt a posztot az\u00e9rt \u00edrom, mert a napokban j\u00f6ttek a k\u00e9pes \u00fczenetek otthonr\u00f3l, hogy havazik. Mi meg p\u00f3l\u00f3ban \u00e9s r\u00f6vidgaty\u00e1ban<\/p>\n\t\t<\/div>\n\t\t\n\t\t<a class=\"elementor-post__read-more\" href=\"http:\/\/canarianblog.com:80\/?p=814\" aria-label=\"Read more about A vil\u00e1g legkellemesebb kl\u00edm\u00e1j\u00fa v\u00e1rosa\" tabindex=\"-1\" >\n\t\t\tTov\u00e1bb olvasom \u00bb\t\t<\/a>\n\n\t\t\t\t<\/div>\n\t\t\t\t<\/article>\n\t\t\t\t<\/div>\n\t\t\n\t\t\t\t\t\t<\/div>\n\t\t\t\t<\/div>\n\t\t\t\t\t<\/div>\n\t\t\t\t<\/div>\n\t\t<div class=\"elementor-element elementor-element-340588a e-flex e-con-boxed e-con e-parent\" data-id=\"340588a\" data-element_type=\"container\" data-e-type=\"container\">\n\t\t\t\t\t<div class=\"e-con-inner\">\n\t\t\t\t\t<\/div>\n\t\t\t\t<\/div>\n\t\t\t\t<\/div>\n\t\t","protected":false},"excerpt":{"rendered":"","protected":false},"author":1,"featured_media":0,"parent":0,"menu_order":0,"comment_status":"closed","ping_status":"closed","template":"","meta":{"om_disable_all_campaigns":false,"_monsterinsights_skip_tracking":false,"_monsterinsights_sitenote_active":false,"_monsterinsights_sitenote_note":"","_monsterinsights_sitenote_category":0,"_uf_show_specific_survey":0,"_uf_disable_surveys":false,"footnotes":""},"class_list":["post-849","page","type-page","status-publish","hentry"],"aioseo_notices":[],"_links":{"self":[{"href":"http:\/\/canarianblog.com:80\/index.php?rest_route=\/wp\/v2\/pages\/849","targetHints":{"allow":["GET"]}}],"collection":[{"href":"http:\/\/canarianblog.com:80\/index.php?rest_route=\/wp\/v2\/pages"}],"about":[{"href":"http:\/\/canarianblog.com:80\/index.php?rest_route=\/wp\/v2\/types\/page"}],"author":[{"embeddable":true,"href":"http:\/\/canarianblog.com:80\/index.php?rest_route=\/wp\/v2\/users\/1"}],"replies":[{"embeddable":true,"href":"http:\/\/canarianblog.com:80\/index.php?rest_route=%2Fwp%2Fv2%2Fcomments&post=849"}],"version-history":[{"count":60,"href":"http:\/\/canarianblog.com:80\/index.php?rest_route=\/wp\/v2\/pages\/849\/revisions"}],"predecessor-version":[{"id":922,"href":"http:\/\/canarianblog.com:80\/index.php?rest_route=\/wp\/v2\/pages\/849\/revisions\/922"}],"wp:attachment":[{"href":"http:\/\/canarianblog.com:80\/index.php?rest_route=%2Fwp%2Fv2%2Fmedia&parent=849"}],"curies":[{"name":"wp","href":"https:\/\/api.w.org\/{rel}","templated":true}]}}