{"id":923,"date":"2024-12-19T18:20:14","date_gmt":"2024-12-19T17:20:14","guid":{"rendered":"http:\/\/canarianblog.com:80\/?page_id=923"},"modified":"2024-12-19T18:25:59","modified_gmt":"2024-12-19T17:25:59","slug":"impresszum","status":"publish","type":"page","link":"http:\/\/canarianblog.com:80\/?page_id=923","title":{"rendered":"Impresszum"},"content":{"rendered":"\t\t<div data-elementor-type=\"wp-page\" data-elementor-id=\"923\" class=\"elementor elementor-923\" data-elementor-post-type=\"page\">\n\t\t\t\t<div class=\"elementor-element elementor-element-5d7155a e-flex e-con-boxed e-con e-parent\" data-id=\"5d7155a\" data-element_type=\"container\" data-e-type=\"container\">\n\t\t\t\t\t<div class=\"e-con-inner\">\n\t\t\t\t<div class=\"elementor-element elementor-element-a0b14a6 elementor-widget elementor-widget-text-editor\" data-id=\"a0b14a6\" data-element_type=\"widget\" data-e-type=\"widget\" data-widget_type=\"text-editor.default\">\n\t\t\t\t<div class=\"elementor-widget-container\">\n\t\t\t\t\t\t\t\t\t<p style=\"box-sizing: inherit; max-width: var(--tripp-content-width); color: #12171a; font-family: 'Roboto Slab', sans-serif; font-size: 18px; background-color: #f2fcff; margin: var(--tripp-spacing-md) auto 1.5rem auto;\"><span style=\"box-sizing: inherit; font-weight: 600;\">A honlap \u00fczemeltet\u0151je<\/span><\/p>\n<p style=\"box-sizing: inherit; max-width: var(--tripp-content-width); color: #12171a; font-family: 'Roboto Slab', sans-serif; font-size: 18px; background-color: #f2fcff; margin: var(--tripp-spacing-md) auto 1.5rem auto;\"><span style=\"box-sizing: inherit; font-weight: 600;\"><br><\/span>Szalain\u00e9 Laki Judit<br style=\"box-sizing: inherit;\">Sz\u00e9khely:&nbsp; Las Palmas GC, 35006, Calle Concepcion Arenal 13\/4c<br style=\"box-sizing: inherit;\">Kapcsolat: canarianblog@gmail.com<\/p>\n<p style=\"box-sizing: inherit; max-width: var(--tripp-content-width); color: #12171a; font-family: 'Roboto Slab', sans-serif; font-size: 18px; background-color: #f2fcff; margin: var(--tripp-spacing-md) auto 1.5rem auto;\"><span style=\"box-sizing: inherit; font-weight: 600;\"><br><\/span><\/p>\n<p style=\"box-sizing: inherit; max-width: var(--tripp-content-width); color: #12171a; font-family: 'Roboto Slab', sans-serif; font-size: 18px; background-color: #f2fcff; margin: var(--tripp-spacing-md) auto 1.5rem auto;\"><span style=\"box-sizing: inherit; font-weight: 600;\">A webszerver \u00fczemeltet\u0151je<\/span><\/p>\n<p style=\"box-sizing: inherit; max-width: var(--tripp-content-width); color: #12171a; font-family: 'Roboto Slab', sans-serif; font-size: 18px; background-color: #f2fcff; margin: var(--tripp-spacing-md) auto 1.5rem auto;\"><b><br style=\"box-sizing: inherit;\"><\/b><span style=\"color: #000000; font-family: 'Times New Roman'; font-size: medium;\">T-Online Magyarorsz\u00e1g Internet Szolg\u00e1ltat\u00f3 Zrt.<\/span><\/p>\n<p style=\"box-sizing: inherit; max-width: var(--tripp-content-width); background-color: rgb(242, 252, 255); margin: var(--tripp-spacing-md) auto 1.5rem auto;\"><span style=\"color: rgb(0, 0, 0); font-family: &quot;Times New Roman&quot;; font-size: medium;\">El\u00e9rhet\u0151s\u00e9g:&nbsp;&nbsp;<\/span><span style=\"text-align: var(--text-align); background-color: var( --e-global-color-c696dce );\"><font color=\"#000000\" face=\"Times New Roman\" size=\"3\">https:\/\/www.telekom.hu\/<\/font><\/span><\/p>\n<p style=\"box-sizing: inherit; max-width: var(--tripp-content-width); color: #12171a; font-family: 'Roboto Slab', sans-serif; font-size: 18px; background-color: #f2fcff; margin: var(--tripp-spacing-md) auto 1.5rem auto;\"><br><\/p>\t\t\t\t\t\t\t\t<\/div>\n\t\t\t\t<\/div>\n\t\t\t\t\t<\/div>\n\t\t\t\t<\/div>\n\t\t\t\t<\/div>\n\t\t","protected":false},"excerpt":{"rendered":"<p>A honlap \u00fczemeltet\u0151je Szalain\u00e9 Laki JuditSz\u00e9khely:&nbsp; Las Palmas GC, 35006, Calle Concepcion Arenal 13\/4cKapcsolat: canarianblog@gmail.com A webszerver \u00fczemeltet\u0151je T-Online Magyarorsz\u00e1g Internet Szolg\u00e1ltat\u00f3 Zrt. El\u00e9rhet\u0151s\u00e9g:&nbsp;&nbsp;https:\/\/www.telekom.hu\/<\/p>\n","protected":false},"author":1,"featured_media":0,"parent":0,"menu_order":0,"comment_status":"closed","ping_status":"closed","template":"","meta":{"om_disable_all_campaigns":false,"_monsterinsights_skip_tracking":false,"_monsterinsights_sitenote_active":false,"_monsterinsights_sitenote_note":"","_monsterinsights_sitenote_category":0,"_uf_show_specific_survey":0,"_uf_disable_surveys":false,"footnotes":""},"class_list":["post-923","page","type-page","status-publish","hentry"],"aioseo_notices":[],"_links":{"self":[{"href":"http:\/\/canarianblog.com:80\/index.php?rest_route=\/wp\/v2\/pages\/923","targetHints":{"allow":["GET"]}}],"collection":[{"href":"http:\/\/canarianblog.com:80\/index.php?rest_route=\/wp\/v2\/pages"}],"about":[{"href":"http:\/\/canarianblog.com:80\/index.php?rest_route=\/wp\/v2\/types\/page"}],"author":[{"embeddable":true,"href":"http:\/\/canarianblog.com:80\/index.php?rest_route=\/wp\/v2\/users\/1"}],"replies":[{"embeddable":true,"href":"http:\/\/canarianblog.com:80\/index.php?rest_route=%2Fwp%2Fv2%2Fcomments&post=923"}],"version-history":[{"count":13,"href":"http:\/\/canarianblog.com:80\/index.php?rest_route=\/wp\/v2\/pages\/923\/revisions"}],"predecessor-version":[{"id":938,"href":"http:\/\/canarianblog.com:80\/index.php?rest_route=\/wp\/v2\/pages\/923\/revisions\/938"}],"wp:attachment":[{"href":"http:\/\/canarianblog.com:80\/index.php?rest_route=%2Fwp%2Fv2%2Fmedia&parent=923"}],"curies":[{"name":"wp","href":"https:\/\/api.w.org\/{rel}","templated":true}]}}